{"id":1111,"date":"2024-10-29T09:40:40","date_gmt":"2024-10-29T12:40:40","guid":{"rendered":"https:\/\/ahcx.com.br\/?page_id=1111"},"modified":"2024-10-29T11:12:13","modified_gmt":"2024-10-29T14:12:13","slug":"validar-certificados","status":"publish","type":"page","link":"https:\/\/ahcx.com.br\/index.php\/validar-certificados\/","title":{"rendered":"Validar Certificados"},"content":{"rendered":"\t\t<div data-elementor-type=\"wp-page\" data-elementor-id=\"1111\" class=\"elementor elementor-1111\" data-elementor-post-type=\"page\">\n\t\t\t\t<div class=\"elementor-element elementor-element-819c1df e-flex e-con-boxed e-con e-parent\" data-id=\"819c1df\" data-element_type=\"container\">\n\t\t\t\t\t<div class=\"e-con-inner\">\n\t\t<div class=\"elementor-element elementor-element-debacf8 e-con-full e-flex e-con e-child\" data-id=\"debacf8\" data-element_type=\"container\">\n\t\t\t\t<div class=\"elementor-element elementor-element-66af025 elementor-widget elementor-widget-heading\" data-id=\"66af025\" data-element_type=\"widget\" data-widget_type=\"heading.default\">\n\t\t\t\t<div class=\"elementor-widget-container\">\n\t\t\t\t\t<h2 class=\"elementor-heading-title elementor-size-default\">Adicione o c\u00f3digo de rastreabilidade do certificado<\/h2>\t\t\t\t<\/div>\n\t\t\t\t<\/div>\n\t\t\t\t<\/div>\n\t\t<div class=\"elementor-element elementor-element-37004cd e-con-full e-flex e-con e-child\" data-id=\"37004cd\" data-element_type=\"container\">\n\t\t\t\t<div class=\"elementor-element elementor-element-b56ed52 elementor-align-center elementor-widget elementor-widget-button\" data-id=\"b56ed52\" data-element_type=\"widget\" data-widget_type=\"button.default\">\n\t\t\t\t<div class=\"elementor-widget-container\">\n\t\t\t\t\t\t\t\t\t<div class=\"elementor-button-wrapper\">\n\t\t\t\t\t<a class=\"elementor-button elementor-button-link elementor-size-sm\" href=\"https:\/\/ahcx.com.br\/\">\n\t\t\t\t\t\t<span class=\"elementor-button-content-wrapper\">\n\t\t\t\t\t\t\t\t\t<span class=\"elementor-button-text\">VOLTAR PARA P\u00c1GINA PRINCIPAL<\/span>\n\t\t\t\t\t<\/span>\n\t\t\t\t\t<\/a>\n\t\t\t\t<\/div>\n\t\t\t\t\t\t\t\t<\/div>\n\t\t\t\t<\/div>\n\t\t\t\t<\/div>\n\t\t\t\t\t<\/div>\n\t\t\t\t<\/div>\n\t\t<div class=\"elementor-element elementor-element-637d762 e-flex e-con-boxed e-con e-parent\" data-id=\"637d762\" data-element_type=\"container\">\n\t\t\t\t\t<div class=\"e-con-inner\">\n\t\t\t\t<div class=\"elementor-element elementor-element-123f971 elementor-widget elementor-widget-shortcode\" data-id=\"123f971\" data-element_type=\"widget\" data-widget_type=\"shortcode.default\">\n\t\t\t\t<div class=\"elementor-widget-container\">\n\t\t\t\t\t\t\t<div class=\"elementor-shortcode\"><div class=\"centered-content-stvc\"><span id=\"mensaje-validacion\" class=\"validation-message\">Insira o c\u00f3digo do certificado para valida\u00e7\u00e3o<\/span><\/div><div class=\"centered-content-stvc\"><form method=\"post\"><input type=\"text\" id=\"codigomuestra\" name=\"codigomuestra\" class=\"regular-text\" placeholder=\"Insira o c\u00f3digo aqui\" > <input type=\"submit\" value=\"Consultar\"><\/form><\/div><\/div>\n\t\t\t\t\t\t<\/div>\n\t\t\t\t<\/div>\n\t\t\t\t\t<\/div>\n\t\t\t\t<\/div>\n\t\t\t\t<\/div>\n\t\t","protected":false},"excerpt":{"rendered":"<p>Adicione o c\u00f3digo de rastreabilidade do certificado VOLTAR PARA P\u00c1GINA PRINCIPAL<\/p>\n","protected":false},"author":1,"featured_media":0,"parent":0,"menu_order":0,"comment_status":"closed","ping_status":"closed","template":"","meta":{"_monsterinsights_skip_tracking":false,"_monsterinsights_sitenote_active":false,"_monsterinsights_sitenote_note":"","_monsterinsights_sitenote_category":0,"footnotes":""},"class_list":["post-1111","page","type-page","status-publish","hentry"],"aioseo_notices":[],"_links":{"self":[{"href":"https:\/\/ahcx.com.br\/index.php\/wp-json\/wp\/v2\/pages\/1111","targetHints":{"allow":["GET"]}}],"collection":[{"href":"https:\/\/ahcx.com.br\/index.php\/wp-json\/wp\/v2\/pages"}],"about":[{"href":"https:\/\/ahcx.com.br\/index.php\/wp-json\/wp\/v2\/types\/page"}],"author":[{"embeddable":true,"href":"https:\/\/ahcx.com.br\/index.php\/wp-json\/wp\/v2\/users\/1"}],"replies":[{"embeddable":true,"href":"https:\/\/ahcx.com.br\/index.php\/wp-json\/wp\/v2\/comments?post=1111"}],"version-history":[{"count":25,"href":"https:\/\/ahcx.com.br\/index.php\/wp-json\/wp\/v2\/pages\/1111\/revisions"}],"predecessor-version":[{"id":1163,"href":"https:\/\/ahcx.com.br\/index.php\/wp-json\/wp\/v2\/pages\/1111\/revisions\/1163"}],"wp:attachment":[{"href":"https:\/\/ahcx.com.br\/index.php\/wp-json\/wp\/v2\/media?parent=1111"}],"curies":[{"name":"wp","href":"https:\/\/api.w.org\/{rel}","templated":true}]}}